{"id":1707,"date":"2022-09-10T11:55:32","date_gmt":"2022-09-10T11:55:32","guid":{"rendered":"https:\/\/alaks.com.tr\/tr\/?page_id=1707"},"modified":"2022-09-21T17:19:22","modified_gmt":"2022-09-21T17:19:22","slug":"surgu-sistemleri","status":"publish","type":"page","link":"https:\/\/alaks.com.tr\/tr\/urunler\/surgu-sistemleri\/","title":{"rendered":"S\u00dcRG\u00dc S\u0130STEMLER\u0130"},"content":{"rendered":"\t\t<div data-elementor-type=\"wp-page\" data-elementor-id=\"1707\" class=\"elementor elementor-1707\">\n\t\t\t\t\t\t\t\t\t<section class=\"elementor-section elementor-top-section elementor-element elementor-element-62d00a8 elementor-section-stretched elementor-section-boxed elementor-section-height-default elementor-section-height-default\" data-id=\"62d00a8\" data-element_type=\"section\" data-settings=\"{&quot;stretch_section&quot;:&quot;section-stretched&quot;,&quot;background_background&quot;:&quot;classic&quot;}\">\n\t\t\t\t\t\t<div class=\"elementor-container elementor-column-gap-default\">\n\t\t\t\t\t<div class=\"elementor-column elementor-col-100 elementor-top-column elementor-element elementor-element-5a841b8\" data-id=\"5a841b8\" data-element_type=\"column\">\n\t\t\t<div class=\"elementor-widget-wrap elementor-element-populated\">\n\t\t\t\t\t\t\t\t<section class=\"elementor-section elementor-inner-section elementor-element elementor-element-121968a elementor-section-boxed elementor-section-height-default elementor-section-height-default\" data-id=\"121968a\" data-element_type=\"section\">\n\t\t\t\t\t\t<div class=\"elementor-container elementor-column-gap-default\">\n\t\t\t\t\t<div class=\"elementor-column elementor-col-33 elementor-inner-column elementor-element elementor-element-aaf448d\" data-id=\"aaf448d\" data-element_type=\"column\">\n\t\t\t<div class=\"elementor-widget-wrap elementor-element-populated\">\n\t\t\t\t\t\t\t\t<div class=\"elementor-element elementor-element-23273ba elementor-position-top elementor-vertical-align-top elementor-widget elementor-widget-image-box\" data-id=\"23273ba\" data-element_type=\"widget\" data-widget_type=\"image-box.default\">\n\t\t\t\t<div class=\"elementor-widget-container\">\n\t\t\t<style>\/*! elementor - v3.7.4 - 31-08-2022 *\/\n.elementor-widget-image-box .elementor-image-box-content{width:100%}@media (min-width:768px){.elementor-widget-image-box.elementor-position-left .elementor-image-box-wrapper,.elementor-widget-image-box.elementor-position-right .elementor-image-box-wrapper{display:-webkit-box;display:-ms-flexbox;display:flex}.elementor-widget-image-box.elementor-position-right .elementor-image-box-wrapper{text-align:right;-webkit-box-orient:horizontal;-webkit-box-direction:reverse;-ms-flex-direction:row-reverse;flex-direction:row-reverse}.elementor-widget-image-box.elementor-position-left .elementor-image-box-wrapper{text-align:left;-webkit-box-orient:horizontal;-webkit-box-direction:normal;-ms-flex-direction:row;flex-direction:row}.elementor-widget-image-box.elementor-position-top .elementor-image-box-img{margin:auto}.elementor-widget-image-box.elementor-vertical-align-top .elementor-image-box-wrapper{-webkit-box-align:start;-ms-flex-align:start;align-items:flex-start}.elementor-widget-image-box.elementor-vertical-align-middle .elementor-image-box-wrapper{-webkit-box-align:center;-ms-flex-align:center;align-items:center}.elementor-widget-image-box.elementor-vertical-align-bottom .elementor-image-box-wrapper{-webkit-box-align:end;-ms-flex-align:end;align-items:flex-end}}@media (max-width:767px){.elementor-widget-image-box .elementor-image-box-img{margin-left:auto!important;margin-right:auto!important;margin-bottom:15px}}.elementor-widget-image-box .elementor-image-box-img{display:inline-block}.elementor-widget-image-box .elementor-image-box-title a{color:inherit}.elementor-widget-image-box .elementor-image-box-wrapper{text-align:center}.elementor-widget-image-box .elementor-image-box-description{margin:0}<\/style><div class=\"elementor-image-box-wrapper\"><figure class=\"elementor-image-box-img\"><a href=\"https:\/\/alaks.com.tr\/tr\/wp-content\/uploads\/2022\/09\/BL-1000.pdf\" target=\"_blank\"><img loading=\"lazy\" decoding=\"async\" width=\"1000\" height=\"1000\" src=\"https:\/\/alaks.com.tr\/tr\/wp-content\/uploads\/2022\/09\/BL-1000.jpg\" class=\"attachment-full size-full\" alt=\"\" \/><\/a><\/figure><div class=\"elementor-image-box-content\"><h3 class=\"elementor-image-box-title\"><a href=\"https:\/\/alaks.com.tr\/tr\/wp-content\/uploads\/2022\/09\/BL-1000.pdf\" target=\"_blank\">BL-1000<\/a><\/h3><p class=\"elementor-image-box-description\">ART<br>\nDead bolt latch<br>\n100 Adet<\/p><\/div><\/div>\t\t<\/div>\n\t\t\t\t<\/div>\n\t\t\t\t<div class=\"elementor-element elementor-element-0cfebc3 elementor-button-danger elementor-align-center elementor-widget elementor-widget-button\" data-id=\"0cfebc3\" data-element_type=\"widget\" data-widget_type=\"button.default\">\n\t\t\t\t<div class=\"elementor-widget-container\">\n\t\t\t\t\t<div class=\"elementor-button-wrapper\">\n\t\t\t<a href=\"https:\/\/alaks.com.tr\/tr\/wp-content\/uploads\/2022\/09\/BL-1000.pdf\" target=\"_blank\" class=\"elementor-button-link elementor-button elementor-size-sm\" role=\"button\">\n\t\t\t\t\t\t<span class=\"elementor-button-content-wrapper\">\n\t\t\t\t\t\t<span class=\"elementor-button-text\">Teknik Dok\u00fcman\u0131 \u0130ndir<\/span>\n\t\t<\/span>\n\t\t\t\t\t<\/a>\n\t\t<\/div>\n\t\t\t\t<\/div>\n\t\t\t\t<\/div>\n\t\t\t\t\t<\/div>\n\t\t<\/div>\n\t\t\t\t<div class=\"elementor-column elementor-col-33 elementor-inner-column elementor-element elementor-element-ae3426f\" data-id=\"ae3426f\" data-element_type=\"column\">\n\t\t\t<div class=\"elementor-widget-wrap elementor-element-populated\">\n\t\t\t\t\t\t\t\t<div class=\"elementor-element elementor-element-6ad48a7 elementor-position-top elementor-vertical-align-top elementor-widget elementor-widget-image-box\" data-id=\"6ad48a7\" data-element_type=\"widget\" data-widget_type=\"image-box.default\">\n\t\t\t\t<div class=\"elementor-widget-container\">\n\t\t\t<div class=\"elementor-image-box-wrapper\"><figure class=\"elementor-image-box-img\"><a href=\"https:\/\/alaks.com.tr\/tr\/wp-content\/uploads\/2022\/09\/BL-1100.pdf\" target=\"_blank\"><img loading=\"lazy\" decoding=\"async\" width=\"1000\" height=\"1000\" src=\"https:\/\/alaks.com.tr\/tr\/wp-content\/uploads\/2022\/09\/BL-1100.jpg\" class=\"attachment-full size-full\" alt=\"\" \/><\/a><\/figure><div class=\"elementor-image-box-content\"><h3 class=\"elementor-image-box-title\"><a href=\"https:\/\/alaks.com.tr\/tr\/wp-content\/uploads\/2022\/09\/BL-1100.pdf\" target=\"_blank\">BL-1100<\/a><\/h3><p class=\"elementor-image-box-description\">ART<br>\nPlastic dead bolt latch<br>\n100 Adet<\/p><\/div><\/div>\t\t<\/div>\n\t\t\t\t<\/div>\n\t\t\t\t<div class=\"elementor-element elementor-element-d38fb22 elementor-button-danger elementor-align-center elementor-widget elementor-widget-button\" data-id=\"d38fb22\" data-element_type=\"widget\" data-widget_type=\"button.default\">\n\t\t\t\t<div class=\"elementor-widget-container\">\n\t\t\t\t\t<div class=\"elementor-button-wrapper\">\n\t\t\t<a href=\"https:\/\/alaks.com.tr\/tr\/wp-content\/uploads\/2022\/09\/BL-1100.pdf\" target=\"_blank\" class=\"elementor-button-link elementor-button elementor-size-sm\" role=\"button\">\n\t\t\t\t\t\t<span class=\"elementor-button-content-wrapper\">\n\t\t\t\t\t\t<span class=\"elementor-button-text\">Teknik Dok\u00fcman\u0131 \u0130ndir<\/span>\n\t\t<\/span>\n\t\t\t\t\t<\/a>\n\t\t<\/div>\n\t\t\t\t<\/div>\n\t\t\t\t<\/div>\n\t\t\t\t\t<\/div>\n\t\t<\/div>\n\t\t\t\t<div class=\"elementor-column elementor-col-33 elementor-inner-column elementor-element elementor-element-a8ce040\" data-id=\"a8ce040\" data-element_type=\"column\">\n\t\t\t<div class=\"elementor-widget-wrap elementor-element-populated\">\n\t\t\t\t\t\t\t\t<div class=\"elementor-element elementor-element-9e77001 elementor-position-top elementor-vertical-align-top elementor-widget elementor-widget-image-box\" data-id=\"9e77001\" data-element_type=\"widget\" data-widget_type=\"image-box.default\">\n\t\t\t\t<div class=\"elementor-widget-container\">\n\t\t\t<div class=\"elementor-image-box-wrapper\"><figure class=\"elementor-image-box-img\"><a href=\"https:\/\/alaks.com.tr\/tr\/tr\/wp-content\/uploads\/2022\/09\/BL-3215.pdf\" target=\"_blank\"><img loading=\"lazy\" decoding=\"async\" width=\"1000\" height=\"1000\" src=\"https:\/\/alaks.com.tr\/tr\/wp-content\/uploads\/2022\/09\/BL-3215.jpg\" class=\"attachment-full size-full\" alt=\"\" \/><\/a><\/figure><div class=\"elementor-image-box-content\"><h3 class=\"elementor-image-box-title\"><a href=\"https:\/\/alaks.com.tr\/tr\/tr\/wp-content\/uploads\/2022\/09\/BL-3215.pdf\" target=\"_blank\">BL-3215<\/a><\/h3><p class=\"elementor-image-box-description\">ART<br>\nDead bolt latch<br>\n120 Adet\n\n<\/p><\/div><\/div>\t\t<\/div>\n\t\t\t\t<\/div>\n\t\t\t\t<div class=\"elementor-element elementor-element-5e5338d elementor-button-danger elementor-align-center elementor-widget elementor-widget-button\" data-id=\"5e5338d\" data-element_type=\"widget\" data-widget_type=\"button.default\">\n\t\t\t\t<div class=\"elementor-widget-container\">\n\t\t\t\t\t<div class=\"elementor-button-wrapper\">\n\t\t\t<a href=\"https:\/\/alaks.com.tr\/tr\/wp-content\/uploads\/2022\/09\/BL-3215.pdf\" target=\"_blank\" class=\"elementor-button-link elementor-button elementor-size-sm\" role=\"button\">\n\t\t\t\t\t\t<span class=\"elementor-button-content-wrapper\">\n\t\t\t\t\t\t<span class=\"elementor-button-text\">Teknik Dok\u00fcman\u0131 \u0130ndir<\/span>\n\t\t<\/span>\n\t\t\t\t\t<\/a>\n\t\t<\/div>\n\t\t\t\t<\/div>\n\t\t\t\t<\/div>\n\t\t\t\t\t<\/div>\n\t\t<\/div>\n\t\t\t\t\t\t\t<\/div>\n\t\t<\/section>\n\t\t\t\t<section class=\"elementor-section elementor-inner-section elementor-element elementor-element-a5988e8 elementor-section-boxed elementor-section-height-default elementor-section-height-default\" data-id=\"a5988e8\" data-element_type=\"section\">\n\t\t\t\t\t\t<div class=\"elementor-container elementor-column-gap-default\">\n\t\t\t\t\t<div class=\"elementor-column elementor-col-33 elementor-inner-column elementor-element elementor-element-e5ccded\" data-id=\"e5ccded\" data-element_type=\"column\">\n\t\t\t<div class=\"elementor-widget-wrap elementor-element-populated\">\n\t\t\t\t\t\t\t\t<div class=\"elementor-element elementor-element-5a49fc3 elementor-position-top elementor-vertical-align-top elementor-widget elementor-widget-image-box\" data-id=\"5a49fc3\" data-element_type=\"widget\" data-widget_type=\"image-box.default\">\n\t\t\t\t<div class=\"elementor-widget-container\">\n\t\t\t<div class=\"elementor-image-box-wrapper\"><figure class=\"elementor-image-box-img\"><a href=\"https:\/\/alaks.com.tr\/tr\/wp-content\/uploads\/2022\/09\/BL-3217.pdf\" target=\"_blank\"><img loading=\"lazy\" decoding=\"async\" width=\"1000\" height=\"1000\" src=\"https:\/\/alaks.com.tr\/tr\/wp-content\/uploads\/2022\/09\/BL-3217.jpg\" class=\"attachment-full size-full\" alt=\"\" \/><\/a><\/figure><div class=\"elementor-image-box-content\"><h3 class=\"elementor-image-box-title\"><a href=\"https:\/\/alaks.com.tr\/tr\/wp-content\/uploads\/2022\/09\/BL-3217.pdf\" target=\"_blank\">BL-3217<\/a><\/h3><p class=\"elementor-image-box-description\">ART<br>\nDead bolt latch<br>\n120 Adet<\/p><\/div><\/div>\t\t<\/div>\n\t\t\t\t<\/div>\n\t\t\t\t<div class=\"elementor-element elementor-element-5c2f87c elementor-button-danger elementor-align-center elementor-widget elementor-widget-button\" data-id=\"5c2f87c\" data-element_type=\"widget\" data-widget_type=\"button.default\">\n\t\t\t\t<div class=\"elementor-widget-container\">\n\t\t\t\t\t<div class=\"elementor-button-wrapper\">\n\t\t\t<a href=\"https:\/\/alaks.com.tr\/tr\/wp-content\/uploads\/2022\/09\/BL-3217.pdf\" target=\"_blank\" class=\"elementor-button-link elementor-button elementor-size-sm\" role=\"button\">\n\t\t\t\t\t\t<span class=\"elementor-button-content-wrapper\">\n\t\t\t\t\t\t<span class=\"elementor-button-text\">Teknik Dok\u00fcman\u0131 \u0130ndir<\/span>\n\t\t<\/span>\n\t\t\t\t\t<\/a>\n\t\t<\/div>\n\t\t\t\t<\/div>\n\t\t\t\t<\/div>\n\t\t\t\t\t<\/div>\n\t\t<\/div>\n\t\t\t\t<div class=\"elementor-column elementor-col-33 elementor-inner-column elementor-element elementor-element-ba3b0b7 elementor-hidden-desktop elementor-hidden-tablet elementor-hidden-mobile\" data-id=\"ba3b0b7\" data-element_type=\"column\">\n\t\t\t<div class=\"elementor-widget-wrap elementor-element-populated\">\n\t\t\t\t\t\t\t\t<div class=\"elementor-element elementor-element-514cb16 elementor-position-top elementor-vertical-align-top elementor-widget elementor-widget-image-box\" data-id=\"514cb16\" data-element_type=\"widget\" data-widget_type=\"image-box.default\">\n\t\t\t\t<div class=\"elementor-widget-container\">\n\t\t\t<div class=\"elementor-image-box-wrapper\"><figure class=\"elementor-image-box-img\"><a href=\"https:\/\/alaks.com.tr\/tr\/tr\/wp-content\/uploads\/2022\/09\/BL-1100.pdf\"><img loading=\"lazy\" decoding=\"async\" width=\"1000\" height=\"1000\" src=\"https:\/\/alaks.com.tr\/tr\/wp-content\/uploads\/2022\/09\/BL-1100.jpg\" class=\"attachment-full size-full\" alt=\"\" \/><\/a><\/figure><div class=\"elementor-image-box-content\"><h3 class=\"elementor-image-box-title\"><a href=\"https:\/\/alaks.com.tr\/tr\/tr\/wp-content\/uploads\/2022\/09\/BL-1100.pdf\">BL-1100<\/a><\/h3><p class=\"elementor-image-box-description\">ART<br>\nPlastic dead bolt latch<br>\n100pcs<\/p><\/div><\/div>\t\t<\/div>\n\t\t\t\t<\/div>\n\t\t\t\t<div class=\"elementor-element elementor-element-bbb44aa elementor-button-danger elementor-align-center elementor-widget elementor-widget-button\" data-id=\"bbb44aa\" data-element_type=\"widget\" data-widget_type=\"button.default\">\n\t\t\t\t<div class=\"elementor-widget-container\">\n\t\t\t\t\t<div class=\"elementor-button-wrapper\">\n\t\t\t<a href=\"https:\/\/alaks.com.tr\/tr\/tr\/wp-content\/uploads\/2022\/09\/BL-1100.pdf\" class=\"elementor-button-link elementor-button elementor-size-sm\" role=\"button\">\n\t\t\t\t\t\t<span class=\"elementor-button-content-wrapper\">\n\t\t\t\t\t\t<span class=\"elementor-button-text\">Download Technical Document<\/span>\n\t\t<\/span>\n\t\t\t\t\t<\/a>\n\t\t<\/div>\n\t\t\t\t<\/div>\n\t\t\t\t<\/div>\n\t\t\t\t\t<\/div>\n\t\t<\/div>\n\t\t\t\t<div class=\"elementor-column elementor-col-33 elementor-inner-column elementor-element elementor-element-4b5ceb4 elementor-hidden-desktop elementor-hidden-tablet elementor-hidden-mobile\" data-id=\"4b5ceb4\" data-element_type=\"column\">\n\t\t\t<div class=\"elementor-widget-wrap elementor-element-populated\">\n\t\t\t\t\t\t\t\t<div class=\"elementor-element elementor-element-6b17053 elementor-position-top elementor-vertical-align-top elementor-widget elementor-widget-image-box\" data-id=\"6b17053\" data-element_type=\"widget\" data-widget_type=\"image-box.default\">\n\t\t\t\t<div class=\"elementor-widget-container\">\n\t\t\t<div class=\"elementor-image-box-wrapper\"><figure class=\"elementor-image-box-img\"><a href=\"https:\/\/alaks.com.tr\/tr\/tr\/wp-content\/uploads\/2022\/09\/BL-3215.pdf\"><img loading=\"lazy\" decoding=\"async\" width=\"1000\" height=\"1000\" src=\"https:\/\/alaks.com.tr\/tr\/wp-content\/uploads\/2022\/09\/BL-3215.jpg\" class=\"attachment-full size-full\" alt=\"\" \/><\/a><\/figure><div class=\"elementor-image-box-content\"><h3 class=\"elementor-image-box-title\"><a href=\"https:\/\/alaks.com.tr\/tr\/tr\/wp-content\/uploads\/2022\/09\/BL-3215.pdf\">BL-3215<\/a><\/h3><p class=\"elementor-image-box-description\">ART<br>\nDead bolt latch<br>\n120pcs\n\n<\/p><\/div><\/div>\t\t<\/div>\n\t\t\t\t<\/div>\n\t\t\t\t<div class=\"elementor-element elementor-element-91ef756 elementor-button-danger elementor-align-center elementor-widget elementor-widget-button\" data-id=\"91ef756\" data-element_type=\"widget\" data-widget_type=\"button.default\">\n\t\t\t\t<div class=\"elementor-widget-container\">\n\t\t\t\t\t<div class=\"elementor-button-wrapper\">\n\t\t\t<a href=\"https:\/\/alaks.com.tr\/tr\/tr\/wp-content\/uploads\/2022\/09\/BL-3215.pdf\" class=\"elementor-button-link elementor-button elementor-size-sm\" role=\"button\">\n\t\t\t\t\t\t<span class=\"elementor-button-content-wrapper\">\n\t\t\t\t\t\t<span class=\"elementor-button-text\">Download Technical Document<\/span>\n\t\t<\/span>\n\t\t\t\t\t<\/a>\n\t\t<\/div>\n\t\t\t\t<\/div>\n\t\t\t\t<\/div>\n\t\t\t\t\t<\/div>\n\t\t<\/div>\n\t\t\t\t\t\t\t<\/div>\n\t\t<\/section>\n\t\t\t\t\t<\/div>\n\t\t<\/div>\n\t\t\t\t\t\t\t<\/div>\n\t\t<\/section>\n\t\t\t\t\t\t\t<\/div>\n\t\t","protected":false},"excerpt":{"rendered":"<p>BL-1000 ART Dead bolt latch 100 Adet Teknik Dok\u00fcman\u0131 \u0130ndir BL-1100 ART Plastic dead bolt latch 100 Adet Teknik Dok\u00fcman\u0131 \u0130ndir BL-3215 ART Dead bolt latch 120 Adet Teknik Dok\u00fcman\u0131 \u0130ndir BL-3217 ART Dead bolt latch 120 Adet Teknik Dok\u00fcman\u0131 \u0130ndir BL-1100 ART Plastic dead bolt latch 100pcs Download Technical Document BL-3215 ART Dead bolt [&hellip;]<\/p>\n","protected":false},"author":1,"featured_media":0,"parent":672,"menu_order":0,"comment_status":"closed","ping_status":"closed","template":"","meta":{"footnotes":""},"class_list":["post-1707","page","type-page","status-publish","hentry"],"yoast_head":"<!-- This site is optimized with the Yoast SEO plugin v19.6.1 - https:\/\/yoast.com\/wordpress\/plugins\/seo\/ -->\n<title>S\u00dcRG\u00dc S\u0130STEMLER\u0130 - ALAKS | SKALA<\/title>\n<meta name=\"robots\" content=\"index, follow, max-snippet:-1, max-image-preview:large, max-video-preview:-1\" \/>\n<link rel=\"canonical\" href=\"https:\/\/alaks.com.tr\/tr\/urunler\/surgu-sistemleri\/\" \/>\n<meta property=\"og:locale\" content=\"tr_TR\" \/>\n<meta property=\"og:type\" content=\"article\" \/>\n<meta property=\"og:title\" content=\"S\u00dcRG\u00dc S\u0130STEMLER\u0130 - ALAKS | SKALA\" \/>\n<meta property=\"og:description\" content=\"BL-1000 ART Dead bolt latch 100 Adet Teknik Dok\u00fcman\u0131 \u0130ndir BL-1100 ART Plastic dead bolt latch 100 Adet Teknik Dok\u00fcman\u0131 \u0130ndir BL-3215 ART Dead bolt latch 120 Adet Teknik Dok\u00fcman\u0131 \u0130ndir BL-3217 ART Dead bolt latch 120 Adet Teknik Dok\u00fcman\u0131 \u0130ndir BL-1100 ART Plastic dead bolt latch 100pcs Download Technical Document BL-3215 ART Dead bolt [&hellip;]\" \/>\n<meta property=\"og:url\" content=\"https:\/\/alaks.com.tr\/tr\/urunler\/surgu-sistemleri\/\" \/>\n<meta property=\"og:site_name\" content=\"ALAKS | SKALA\" \/>\n<meta property=\"article:modified_time\" content=\"2022-09-21T17:19:22+00:00\" \/>\n<meta property=\"og:image\" content=\"https:\/\/alaks.com.tr\/tr\/wp-content\/uploads\/2022\/09\/BL-1000.jpg\" \/>\n<meta name=\"twitter:card\" content=\"summary_large_image\" \/>\n<meta name=\"twitter:label1\" content=\"Tahmini okuma s\u00fcresi\" \/>\n\t<meta name=\"twitter:data1\" content=\"2 dakika\" \/>\n<script type=\"application\/ld+json\" class=\"yoast-schema-graph\">{\"@context\":\"https:\/\/schema.org\",\"@graph\":[{\"@type\":\"WebPage\",\"@id\":\"https:\/\/alaks.com.tr\/tr\/urunler\/surgu-sistemleri\/\",\"url\":\"https:\/\/alaks.com.tr\/tr\/urunler\/surgu-sistemleri\/\",\"name\":\"S\u00dcRG\u00dc S\u0130STEMLER\u0130 - ALAKS | SKALA\",\"isPartOf\":{\"@id\":\"https:\/\/alaks.com.tr\/tr\/#website\"},\"datePublished\":\"2022-09-10T11:55:32+00:00\",\"dateModified\":\"2022-09-21T17:19:22+00:00\",\"breadcrumb\":{\"@id\":\"https:\/\/alaks.com.tr\/tr\/urunler\/surgu-sistemleri\/#breadcrumb\"},\"inLanguage\":\"tr\",\"potentialAction\":[{\"@type\":\"ReadAction\",\"target\":[\"https:\/\/alaks.com.tr\/tr\/urunler\/surgu-sistemleri\/\"]}]},{\"@type\":\"BreadcrumbList\",\"@id\":\"https:\/\/alaks.com.tr\/tr\/urunler\/surgu-sistemleri\/#breadcrumb\",\"itemListElement\":[{\"@type\":\"ListItem\",\"position\":1,\"name\":\"ANA SAYFA\",\"item\":\"https:\/\/alaks.com.tr\/tr\/\"},{\"@type\":\"ListItem\",\"position\":2,\"name\":\"\u00dcR\u00dcNLER\",\"item\":\"https:\/\/alaks.com.tr\/tr\/urunler\/\"},{\"@type\":\"ListItem\",\"position\":3,\"name\":\"S\u00dcRG\u00dc S\u0130STEMLER\u0130\"}]},{\"@type\":\"WebSite\",\"@id\":\"https:\/\/alaks.com.tr\/tr\/#website\",\"url\":\"https:\/\/alaks.com.tr\/tr\/\",\"name\":\"ALAKS | SKALA\",\"description\":\"ALAKS | SKALA\",\"publisher\":{\"@id\":\"https:\/\/alaks.com.tr\/tr\/#organization\"},\"potentialAction\":[{\"@type\":\"SearchAction\",\"target\":{\"@type\":\"EntryPoint\",\"urlTemplate\":\"https:\/\/alaks.com.tr\/tr\/?s={search_term_string}\"},\"query-input\":\"required name=search_term_string\"}],\"inLanguage\":\"tr\"},{\"@type\":\"Organization\",\"@id\":\"https:\/\/alaks.com.tr\/tr\/#organization\",\"name\":\"ALAKS | SKALA\",\"url\":\"https:\/\/alaks.com.tr\/tr\/\",\"sameAs\":[],\"logo\":{\"@type\":\"ImageObject\",\"inLanguage\":\"tr\",\"@id\":\"https:\/\/alaks.com.tr\/tr\/#\/schema\/logo\/image\/\",\"url\":\"https:\/\/alaks.com.tr\/tr\/wp-content\/uploads\/2022\/09\/Alaks_Logo.svg\",\"contentUrl\":\"https:\/\/alaks.com.tr\/tr\/wp-content\/uploads\/2022\/09\/Alaks_Logo.svg\",\"width\":251,\"height\":33,\"caption\":\"ALAKS | SKALA\"},\"image\":{\"@id\":\"https:\/\/alaks.com.tr\/tr\/#\/schema\/logo\/image\/\"}}]}<\/script>\n<!-- \/ Yoast SEO plugin. -->","yoast_head_json":{"title":"S\u00dcRG\u00dc S\u0130STEMLER\u0130 - ALAKS | SKALA","robots":{"index":"index","follow":"follow","max-snippet":"max-snippet:-1","max-image-preview":"max-image-preview:large","max-video-preview":"max-video-preview:-1"},"canonical":"https:\/\/alaks.com.tr\/tr\/urunler\/surgu-sistemleri\/","og_locale":"tr_TR","og_type":"article","og_title":"S\u00dcRG\u00dc S\u0130STEMLER\u0130 - ALAKS | SKALA","og_description":"BL-1000 ART Dead bolt latch 100 Adet Teknik Dok\u00fcman\u0131 \u0130ndir BL-1100 ART Plastic dead bolt latch 100 Adet Teknik Dok\u00fcman\u0131 \u0130ndir BL-3215 ART Dead bolt latch 120 Adet Teknik Dok\u00fcman\u0131 \u0130ndir BL-3217 ART Dead bolt latch 120 Adet Teknik Dok\u00fcman\u0131 \u0130ndir BL-1100 ART Plastic dead bolt latch 100pcs Download Technical Document BL-3215 ART Dead bolt [&hellip;]","og_url":"https:\/\/alaks.com.tr\/tr\/urunler\/surgu-sistemleri\/","og_site_name":"ALAKS | SKALA","article_modified_time":"2022-09-21T17:19:22+00:00","og_image":[{"url":"https:\/\/alaks.com.tr\/tr\/wp-content\/uploads\/2022\/09\/BL-1000.jpg"}],"twitter_card":"summary_large_image","twitter_misc":{"Tahmini okuma s\u00fcresi":"2 dakika"},"schema":{"@context":"https:\/\/schema.org","@graph":[{"@type":"WebPage","@id":"https:\/\/alaks.com.tr\/tr\/urunler\/surgu-sistemleri\/","url":"https:\/\/alaks.com.tr\/tr\/urunler\/surgu-sistemleri\/","name":"S\u00dcRG\u00dc S\u0130STEMLER\u0130 - ALAKS | SKALA","isPartOf":{"@id":"https:\/\/alaks.com.tr\/tr\/#website"},"datePublished":"2022-09-10T11:55:32+00:00","dateModified":"2022-09-21T17:19:22+00:00","breadcrumb":{"@id":"https:\/\/alaks.com.tr\/tr\/urunler\/surgu-sistemleri\/#breadcrumb"},"inLanguage":"tr","potentialAction":[{"@type":"ReadAction","target":["https:\/\/alaks.com.tr\/tr\/urunler\/surgu-sistemleri\/"]}]},{"@type":"BreadcrumbList","@id":"https:\/\/alaks.com.tr\/tr\/urunler\/surgu-sistemleri\/#breadcrumb","itemListElement":[{"@type":"ListItem","position":1,"name":"ANA SAYFA","item":"https:\/\/alaks.com.tr\/tr\/"},{"@type":"ListItem","position":2,"name":"\u00dcR\u00dcNLER","item":"https:\/\/alaks.com.tr\/tr\/urunler\/"},{"@type":"ListItem","position":3,"name":"S\u00dcRG\u00dc S\u0130STEMLER\u0130"}]},{"@type":"WebSite","@id":"https:\/\/alaks.com.tr\/tr\/#website","url":"https:\/\/alaks.com.tr\/tr\/","name":"ALAKS | SKALA","description":"ALAKS | SKALA","publisher":{"@id":"https:\/\/alaks.com.tr\/tr\/#organization"},"potentialAction":[{"@type":"SearchAction","target":{"@type":"EntryPoint","urlTemplate":"https:\/\/alaks.com.tr\/tr\/?s={search_term_string}"},"query-input":"required name=search_term_string"}],"inLanguage":"tr"},{"@type":"Organization","@id":"https:\/\/alaks.com.tr\/tr\/#organization","name":"ALAKS | SKALA","url":"https:\/\/alaks.com.tr\/tr\/","sameAs":[],"logo":{"@type":"ImageObject","inLanguage":"tr","@id":"https:\/\/alaks.com.tr\/tr\/#\/schema\/logo\/image\/","url":"https:\/\/alaks.com.tr\/tr\/wp-content\/uploads\/2022\/09\/Alaks_Logo.svg","contentUrl":"https:\/\/alaks.com.tr\/tr\/wp-content\/uploads\/2022\/09\/Alaks_Logo.svg","width":251,"height":33,"caption":"ALAKS | SKALA"},"image":{"@id":"https:\/\/alaks.com.tr\/tr\/#\/schema\/logo\/image\/"}}]}},"_links":{"self":[{"href":"https:\/\/alaks.com.tr\/tr\/wp-json\/wp\/v2\/pages\/1707","targetHints":{"allow":["GET"]}}],"collection":[{"href":"https:\/\/alaks.com.tr\/tr\/wp-json\/wp\/v2\/pages"}],"about":[{"href":"https:\/\/alaks.com.tr\/tr\/wp-json\/wp\/v2\/types\/page"}],"author":[{"embeddable":true,"href":"https:\/\/alaks.com.tr\/tr\/wp-json\/wp\/v2\/users\/1"}],"replies":[{"embeddable":true,"href":"https:\/\/alaks.com.tr\/tr\/wp-json\/wp\/v2\/comments?post=1707"}],"version-history":[{"count":27,"href":"https:\/\/alaks.com.tr\/tr\/wp-json\/wp\/v2\/pages\/1707\/revisions"}],"predecessor-version":[{"id":2806,"href":"https:\/\/alaks.com.tr\/tr\/wp-json\/wp\/v2\/pages\/1707\/revisions\/2806"}],"up":[{"embeddable":true,"href":"https:\/\/alaks.com.tr\/tr\/wp-json\/wp\/v2\/pages\/672"}],"wp:attachment":[{"href":"https:\/\/alaks.com.tr\/tr\/wp-json\/wp\/v2\/media?parent=1707"}],"curies":[{"name":"wp","href":"https:\/\/api.w.org\/{rel}","templated":true}]}}