{"id":610,"date":"2022-09-06T18:38:52","date_gmt":"2022-09-06T18:38:52","guid":{"rendered":"https:\/\/alaks.com.tr\/tr\/?page_id=610"},"modified":"2022-09-21T19:02:15","modified_gmt":"2022-09-21T19:02:15","slug":"hakkimizda","status":"publish","type":"page","link":"https:\/\/alaks.com.tr\/tr\/hakkimizda\/","title":{"rendered":"HAKKIMIZDA"},"content":{"rendered":"\t\t<div data-elementor-type=\"wp-page\" data-elementor-id=\"610\" class=\"elementor elementor-610\">\n\t\t\t\t\t\t\t\t\t<section class=\"elementor-section elementor-top-section elementor-element elementor-element-2debb46c elementor-section-boxed elementor-section-height-default elementor-section-height-default\" data-id=\"2debb46c\" data-element_type=\"section\" data-settings=\"{&quot;background_background&quot;:&quot;classic&quot;}\">\n\t\t\t\t\t\t\t<div class=\"elementor-background-overlay\"><\/div>\n\t\t\t\t\t\t\t<div class=\"elementor-container elementor-column-gap-default\">\n\t\t\t\t\t<div class=\"elementor-column elementor-col-50 elementor-top-column elementor-element elementor-element-5df9a672 elementor-invisible\" data-id=\"5df9a672\" data-element_type=\"column\" data-settings=\"{&quot;animation&quot;:&quot;fadeInLeft&quot;}\">\n\t\t\t<div class=\"elementor-widget-wrap elementor-element-populated\">\n\t\t\t\t\t\t\t\t<div class=\"elementor-element elementor-element-228ce2a elementor-widget elementor-widget-text-editor\" data-id=\"228ce2a\" data-element_type=\"widget\" data-widget_type=\"text-editor.default\">\n\t\t\t\t<div class=\"elementor-widget-container\">\n\t\t\t<style>\/*! elementor - v3.7.4 - 31-08-2022 *\/\n.elementor-widget-text-editor.elementor-drop-cap-view-stacked .elementor-drop-cap{background-color:#818a91;color:#fff}.elementor-widget-text-editor.elementor-drop-cap-view-framed .elementor-drop-cap{color:#818a91;border:3px solid;background-color:transparent}.elementor-widget-text-editor:not(.elementor-drop-cap-view-default) .elementor-drop-cap{margin-top:8px}.elementor-widget-text-editor:not(.elementor-drop-cap-view-default) .elementor-drop-cap-letter{width:1em;height:1em}.elementor-widget-text-editor .elementor-drop-cap{float:left;text-align:center;line-height:1;font-size:50px}.elementor-widget-text-editor .elementor-drop-cap-letter{display:inline-block}<\/style>\t\t\t\t\t\t\t\t\t\t<\/div>\n\t\t\t\t<\/div>\n\t\t\t\t<div class=\"elementor-element elementor-element-67f3f995 elementor-widget elementor-widget-breadcrumbs\" data-id=\"67f3f995\" data-element_type=\"widget\" data-widget_type=\"breadcrumbs.default\">\n\t\t\t\t<div class=\"elementor-widget-container\">\n\t\t\t<link rel=\"stylesheet\" href=\"https:\/\/alaks.com.tr\/tr\/wp-content\/plugins\/pro-elements\/assets\/css\/widget-theme-elements.min.css\"><p id=\"breadcrumbs\"><span><span><a href=\"https:\/\/alaks.com.tr\/tr\/\">ANA SAYFA<\/a><\/span><\/p>\t\t<\/div>\n\t\t\t\t<\/div>\n\t\t\t\t\t<\/div>\n\t\t<\/div>\n\t\t\t\t<div class=\"elementor-column elementor-col-50 elementor-top-column elementor-element elementor-element-3d2a129\" data-id=\"3d2a129\" data-element_type=\"column\">\n\t\t\t<div class=\"elementor-widget-wrap\">\n\t\t\t\t\t\t\t\t\t<\/div>\n\t\t<\/div>\n\t\t\t\t\t\t\t<\/div>\n\t\t<\/section>\n\t\t\t\t<section class=\"elementor-section elementor-top-section elementor-element elementor-element-5722bf4d elementor-section-boxed elementor-section-height-default elementor-section-height-default\" data-id=\"5722bf4d\" data-element_type=\"section\">\n\t\t\t\t\t\t<div class=\"elementor-container elementor-column-gap-default\">\n\t\t\t\t\t<div class=\"elementor-column elementor-col-50 elementor-top-column elementor-element elementor-element-25be4a54\" data-id=\"25be4a54\" data-element_type=\"column\">\n\t\t\t<div class=\"elementor-widget-wrap elementor-element-populated\">\n\t\t\t\t\t\t\t\t<div class=\"elementor-element elementor-element-3de12e16 elementor-widget__width-inherit elementor-widget elementor-widget-heading\" data-id=\"3de12e16\" data-element_type=\"widget\" data-widget_type=\"heading.default\">\n\t\t\t\t<div class=\"elementor-widget-container\">\n\t\t\t<style>\/*! elementor - v3.7.4 - 31-08-2022 *\/\n.elementor-heading-title{padding:0;margin:0;line-height:1}.elementor-widget-heading .elementor-heading-title[class*=elementor-size-]>a{color:inherit;font-size:inherit;line-height:inherit}.elementor-widget-heading .elementor-heading-title.elementor-size-small{font-size:15px}.elementor-widget-heading .elementor-heading-title.elementor-size-medium{font-size:19px}.elementor-widget-heading .elementor-heading-title.elementor-size-large{font-size:29px}.elementor-widget-heading .elementor-heading-title.elementor-size-xl{font-size:39px}.elementor-widget-heading .elementor-heading-title.elementor-size-xxl{font-size:59px}<\/style><h2 class=\"elementor-heading-title elementor-size-default\">ALAKS SKALA<\/h2>\t\t<\/div>\n\t\t\t\t<\/div>\n\t\t\t\t<div class=\"elementor-element elementor-element-9697974 elementor-widget elementor-widget-text-editor\" data-id=\"9697974\" data-element_type=\"widget\" data-widget_type=\"text-editor.default\">\n\t\t\t\t<div class=\"elementor-widget-container\">\n\t\t\t\t\t\t\t<p>Alaks Al\u00fcminyum Co, T\u00fcrkiye merkezli lider Al\u00fcminyum Aksesuar \u00fcreticisi firmad\u0131r. 1999 y\u0131l\u0131ndan bu yana firmam\u0131z bir\u00e7ok \u00fclkeye ihracat yapmaktad\u0131r.<br \/>Ayr\u0131ca t\u00fcm \u00fcr\u00fcnler y\u00fcksek ve ileri teknoloji kullan\u0131larak \u00fcretilmektedir.<br \/>Amac\u0131m\u0131z yenilik\u00e7i sistemler ve \u00fcst\u00fcn kalite sa\u011flayarak bu sekt\u00f6rde lider bir firma olmakt\u0131r.<br \/>\u00c7al\u0131\u015fanlar\u0131m\u0131z\u0131n dinamik ve yenilik\u00e7i y\u00fcksek kaliteli al\u00fcminyum \u00fcretim y\u00f6ntemi sayesinde, en zorlu pazarlardan biri haline geldik.<br \/>\u015eirketimiz, \u00fcst\u00fcn \u00fcr\u00fcnleri h\u0131zl\u0131 ve verimli hizmetlerle bulu\u015fturmak i\u00e7in stratejilerini i\u015f ortaklar\u0131yla payla\u015fmakta, daha da \u00f6nemlisi m\u00fc\u015fteri memnuniyetini sa\u011flamay\u0131 ba\u015farmaktad\u0131r.<\/p>\t\t\t\t\t\t<\/div>\n\t\t\t\t<\/div>\n\t\t\t\t<div class=\"elementor-element elementor-element-3834c40 elementor-button-danger elementor-widget elementor-widget-button\" data-id=\"3834c40\" data-element_type=\"widget\" data-widget_type=\"button.default\">\n\t\t\t\t<div class=\"elementor-widget-container\">\n\t\t\t\t\t<div class=\"elementor-button-wrapper\">\n\t\t\t<a href=\"https:\/\/alaks.com.tr\/tr\/iletisim\/\" class=\"elementor-button-link elementor-button elementor-size-sm\" role=\"button\">\n\t\t\t\t\t\t<span class=\"elementor-button-content-wrapper\">\n\t\t\t\t\t\t<span class=\"elementor-button-text\">\u0130LET\u0130\u015e\u0130M<\/span>\n\t\t<\/span>\n\t\t\t\t\t<\/a>\n\t\t<\/div>\n\t\t\t\t<\/div>\n\t\t\t\t<\/div>\n\t\t\t\t\t<\/div>\n\t\t<\/div>\n\t\t\t\t<div class=\"elementor-column elementor-col-50 elementor-top-column elementor-element elementor-element-545a1915\" data-id=\"545a1915\" data-element_type=\"column\">\n\t\t\t<div class=\"elementor-widget-wrap elementor-element-populated\">\n\t\t\t\t\t\t\t\t<div class=\"elementor-element elementor-element-bc469c1 elementor-widget elementor-widget-image\" data-id=\"bc469c1\" data-element_type=\"widget\" data-widget_type=\"image.default\">\n\t\t\t\t<div class=\"elementor-widget-container\">\n\t\t\t<style>\/*! elementor - v3.7.4 - 31-08-2022 *\/\n.elementor-widget-image{text-align:center}.elementor-widget-image a{display:inline-block}.elementor-widget-image a img[src$=\".svg\"]{width:48px}.elementor-widget-image img{vertical-align:middle;display:inline-block}<\/style>\t\t\t\t\t\t\t\t\t\t\t\t<img loading=\"lazy\" decoding=\"async\" width=\"809\" height=\"550\" src=\"https:\/\/alaks.com.tr\/tr\/wp-content\/uploads\/2022\/09\/image-1.jpg\" class=\"attachment-full size-full\" alt=\"\" srcset=\"https:\/\/alaks.com.tr\/tr\/wp-content\/uploads\/2022\/09\/image-1.jpg 809w, https:\/\/alaks.com.tr\/tr\/wp-content\/uploads\/2022\/09\/image-1-300x204.jpg 300w, https:\/\/alaks.com.tr\/tr\/wp-content\/uploads\/2022\/09\/image-1-768x522.jpg 768w, https:\/\/alaks.com.tr\/tr\/wp-content\/uploads\/2022\/09\/image-1-600x408.jpg 600w\" sizes=\"auto, (max-width: 809px) 100vw, 809px\" \/>\t\t\t\t\t\t\t\t\t\t\t\t\t\t\t<\/div>\n\t\t\t\t<\/div>\n\t\t\t\t\t<\/div>\n\t\t<\/div>\n\t\t\t\t\t\t\t<\/div>\n\t\t<\/section>\n\t\t\t\t\t\t\t<\/div>\n\t\t","protected":false},"excerpt":{"rendered":"<p>ALAKS SKALA Alaks Al\u00fcminyum Co, T\u00fcrkiye merkezli lider Al\u00fcminyum Aksesuar \u00fcreticisi firmad\u0131r. 1999 y\u0131l\u0131ndan bu yana firmam\u0131z bir\u00e7ok \u00fclkeye ihracat yapmaktad\u0131r.Ayr\u0131ca t\u00fcm \u00fcr\u00fcnler y\u00fcksek ve ileri teknoloji kullan\u0131larak \u00fcretilmektedir.Amac\u0131m\u0131z yenilik\u00e7i sistemler ve \u00fcst\u00fcn kalite sa\u011flayarak bu sekt\u00f6rde lider bir firma olmakt\u0131r.\u00c7al\u0131\u015fanlar\u0131m\u0131z\u0131n dinamik ve yenilik\u00e7i y\u00fcksek kaliteli al\u00fcminyum \u00fcretim y\u00f6ntemi sayesinde, en zorlu pazarlardan biri haline [&hellip;]<\/p>\n","protected":false},"author":1,"featured_media":0,"parent":0,"menu_order":0,"comment_status":"closed","ping_status":"closed","template":"elementor_header_footer","meta":{"footnotes":""},"class_list":["post-610","page","type-page","status-publish","hentry"],"yoast_head":"<!-- This site is optimized with the Yoast SEO plugin v19.6.1 - https:\/\/yoast.com\/wordpress\/plugins\/seo\/ -->\n<title>HAKKIMIZDA - ALAKS | SKALA<\/title>\n<meta name=\"robots\" content=\"index, follow, max-snippet:-1, max-image-preview:large, max-video-preview:-1\" \/>\n<link rel=\"canonical\" href=\"https:\/\/alaks.com.tr\/tr\/hakkimizda\/\" \/>\n<meta property=\"og:locale\" content=\"tr_TR\" \/>\n<meta property=\"og:type\" content=\"article\" \/>\n<meta property=\"og:title\" content=\"HAKKIMIZDA - ALAKS | SKALA\" \/>\n<meta property=\"og:description\" content=\"ALAKS SKALA Alaks Al\u00fcminyum Co, T\u00fcrkiye merkezli lider Al\u00fcminyum Aksesuar \u00fcreticisi firmad\u0131r. 1999 y\u0131l\u0131ndan bu yana firmam\u0131z bir\u00e7ok \u00fclkeye ihracat yapmaktad\u0131r.Ayr\u0131ca t\u00fcm \u00fcr\u00fcnler y\u00fcksek ve ileri teknoloji kullan\u0131larak \u00fcretilmektedir.Amac\u0131m\u0131z yenilik\u00e7i sistemler ve \u00fcst\u00fcn kalite sa\u011flayarak bu sekt\u00f6rde lider bir firma olmakt\u0131r.\u00c7al\u0131\u015fanlar\u0131m\u0131z\u0131n dinamik ve yenilik\u00e7i y\u00fcksek kaliteli al\u00fcminyum \u00fcretim y\u00f6ntemi sayesinde, en zorlu pazarlardan biri haline [&hellip;]\" \/>\n<meta property=\"og:url\" content=\"https:\/\/alaks.com.tr\/tr\/hakkimizda\/\" \/>\n<meta property=\"og:site_name\" content=\"ALAKS | SKALA\" \/>\n<meta property=\"article:modified_time\" content=\"2022-09-21T19:02:15+00:00\" \/>\n<meta property=\"og:image\" content=\"https:\/\/alaks.com.tr\/tr\/wp-content\/uploads\/2022\/09\/image-1.jpg\" \/>\n<meta name=\"twitter:card\" content=\"summary_large_image\" \/>\n<meta name=\"twitter:label1\" content=\"Tahmini okuma s\u00fcresi\" \/>\n\t<meta name=\"twitter:data1\" content=\"1 dakika\" \/>\n<script type=\"application\/ld+json\" class=\"yoast-schema-graph\">{\"@context\":\"https:\/\/schema.org\",\"@graph\":[{\"@type\":\"WebPage\",\"@id\":\"https:\/\/alaks.com.tr\/tr\/hakkimizda\/\",\"url\":\"https:\/\/alaks.com.tr\/tr\/hakkimizda\/\",\"name\":\"HAKKIMIZDA - ALAKS | SKALA\",\"isPartOf\":{\"@id\":\"https:\/\/alaks.com.tr\/tr\/#website\"},\"datePublished\":\"2022-09-06T18:38:52+00:00\",\"dateModified\":\"2022-09-21T19:02:15+00:00\",\"breadcrumb\":{\"@id\":\"https:\/\/alaks.com.tr\/tr\/hakkimizda\/#breadcrumb\"},\"inLanguage\":\"tr\",\"potentialAction\":[{\"@type\":\"ReadAction\",\"target\":[\"https:\/\/alaks.com.tr\/tr\/hakkimizda\/\"]}]},{\"@type\":\"BreadcrumbList\",\"@id\":\"https:\/\/alaks.com.tr\/tr\/hakkimizda\/#breadcrumb\",\"itemListElement\":[{\"@type\":\"ListItem\",\"position\":1,\"name\":\"ANA SAYFA\",\"item\":\"https:\/\/alaks.com.tr\/tr\/\"},{\"@type\":\"ListItem\",\"position\":2,\"name\":\"HAKKIMIZDA\"}]},{\"@type\":\"WebSite\",\"@id\":\"https:\/\/alaks.com.tr\/tr\/#website\",\"url\":\"https:\/\/alaks.com.tr\/tr\/\",\"name\":\"ALAKS | SKALA\",\"description\":\"ALAKS | SKALA\",\"publisher\":{\"@id\":\"https:\/\/alaks.com.tr\/tr\/#organization\"},\"potentialAction\":[{\"@type\":\"SearchAction\",\"target\":{\"@type\":\"EntryPoint\",\"urlTemplate\":\"https:\/\/alaks.com.tr\/tr\/?s={search_term_string}\"},\"query-input\":\"required name=search_term_string\"}],\"inLanguage\":\"tr\"},{\"@type\":\"Organization\",\"@id\":\"https:\/\/alaks.com.tr\/tr\/#organization\",\"name\":\"ALAKS | SKALA\",\"url\":\"https:\/\/alaks.com.tr\/tr\/\",\"sameAs\":[],\"logo\":{\"@type\":\"ImageObject\",\"inLanguage\":\"tr\",\"@id\":\"https:\/\/alaks.com.tr\/tr\/#\/schema\/logo\/image\/\",\"url\":\"https:\/\/alaks.com.tr\/tr\/wp-content\/uploads\/2022\/09\/Alaks_Logo.svg\",\"contentUrl\":\"https:\/\/alaks.com.tr\/tr\/wp-content\/uploads\/2022\/09\/Alaks_Logo.svg\",\"width\":251,\"height\":33,\"caption\":\"ALAKS | SKALA\"},\"image\":{\"@id\":\"https:\/\/alaks.com.tr\/tr\/#\/schema\/logo\/image\/\"}}]}<\/script>\n<!-- \/ Yoast SEO plugin. -->","yoast_head_json":{"title":"HAKKIMIZDA - ALAKS | SKALA","robots":{"index":"index","follow":"follow","max-snippet":"max-snippet:-1","max-image-preview":"max-image-preview:large","max-video-preview":"max-video-preview:-1"},"canonical":"https:\/\/alaks.com.tr\/tr\/hakkimizda\/","og_locale":"tr_TR","og_type":"article","og_title":"HAKKIMIZDA - ALAKS | SKALA","og_description":"ALAKS SKALA Alaks Al\u00fcminyum Co, T\u00fcrkiye merkezli lider Al\u00fcminyum Aksesuar \u00fcreticisi firmad\u0131r. 1999 y\u0131l\u0131ndan bu yana firmam\u0131z bir\u00e7ok \u00fclkeye ihracat yapmaktad\u0131r.Ayr\u0131ca t\u00fcm \u00fcr\u00fcnler y\u00fcksek ve ileri teknoloji kullan\u0131larak \u00fcretilmektedir.Amac\u0131m\u0131z yenilik\u00e7i sistemler ve \u00fcst\u00fcn kalite sa\u011flayarak bu sekt\u00f6rde lider bir firma olmakt\u0131r.\u00c7al\u0131\u015fanlar\u0131m\u0131z\u0131n dinamik ve yenilik\u00e7i y\u00fcksek kaliteli al\u00fcminyum \u00fcretim y\u00f6ntemi sayesinde, en zorlu pazarlardan biri haline [&hellip;]","og_url":"https:\/\/alaks.com.tr\/tr\/hakkimizda\/","og_site_name":"ALAKS | SKALA","article_modified_time":"2022-09-21T19:02:15+00:00","og_image":[{"url":"https:\/\/alaks.com.tr\/tr\/wp-content\/uploads\/2022\/09\/image-1.jpg"}],"twitter_card":"summary_large_image","twitter_misc":{"Tahmini okuma s\u00fcresi":"1 dakika"},"schema":{"@context":"https:\/\/schema.org","@graph":[{"@type":"WebPage","@id":"https:\/\/alaks.com.tr\/tr\/hakkimizda\/","url":"https:\/\/alaks.com.tr\/tr\/hakkimizda\/","name":"HAKKIMIZDA - ALAKS | SKALA","isPartOf":{"@id":"https:\/\/alaks.com.tr\/tr\/#website"},"datePublished":"2022-09-06T18:38:52+00:00","dateModified":"2022-09-21T19:02:15+00:00","breadcrumb":{"@id":"https:\/\/alaks.com.tr\/tr\/hakkimizda\/#breadcrumb"},"inLanguage":"tr","potentialAction":[{"@type":"ReadAction","target":["https:\/\/alaks.com.tr\/tr\/hakkimizda\/"]}]},{"@type":"BreadcrumbList","@id":"https:\/\/alaks.com.tr\/tr\/hakkimizda\/#breadcrumb","itemListElement":[{"@type":"ListItem","position":1,"name":"ANA SAYFA","item":"https:\/\/alaks.com.tr\/tr\/"},{"@type":"ListItem","position":2,"name":"HAKKIMIZDA"}]},{"@type":"WebSite","@id":"https:\/\/alaks.com.tr\/tr\/#website","url":"https:\/\/alaks.com.tr\/tr\/","name":"ALAKS | SKALA","description":"ALAKS | SKALA","publisher":{"@id":"https:\/\/alaks.com.tr\/tr\/#organization"},"potentialAction":[{"@type":"SearchAction","target":{"@type":"EntryPoint","urlTemplate":"https:\/\/alaks.com.tr\/tr\/?s={search_term_string}"},"query-input":"required name=search_term_string"}],"inLanguage":"tr"},{"@type":"Organization","@id":"https:\/\/alaks.com.tr\/tr\/#organization","name":"ALAKS | SKALA","url":"https:\/\/alaks.com.tr\/tr\/","sameAs":[],"logo":{"@type":"ImageObject","inLanguage":"tr","@id":"https:\/\/alaks.com.tr\/tr\/#\/schema\/logo\/image\/","url":"https:\/\/alaks.com.tr\/tr\/wp-content\/uploads\/2022\/09\/Alaks_Logo.svg","contentUrl":"https:\/\/alaks.com.tr\/tr\/wp-content\/uploads\/2022\/09\/Alaks_Logo.svg","width":251,"height":33,"caption":"ALAKS | SKALA"},"image":{"@id":"https:\/\/alaks.com.tr\/tr\/#\/schema\/logo\/image\/"}}]}},"_links":{"self":[{"href":"https:\/\/alaks.com.tr\/tr\/wp-json\/wp\/v2\/pages\/610","targetHints":{"allow":["GET"]}}],"collection":[{"href":"https:\/\/alaks.com.tr\/tr\/wp-json\/wp\/v2\/pages"}],"about":[{"href":"https:\/\/alaks.com.tr\/tr\/wp-json\/wp\/v2\/types\/page"}],"author":[{"embeddable":true,"href":"https:\/\/alaks.com.tr\/tr\/wp-json\/wp\/v2\/users\/1"}],"replies":[{"embeddable":true,"href":"https:\/\/alaks.com.tr\/tr\/wp-json\/wp\/v2\/comments?post=610"}],"version-history":[{"count":45,"href":"https:\/\/alaks.com.tr\/tr\/wp-json\/wp\/v2\/pages\/610\/revisions"}],"predecessor-version":[{"id":2862,"href":"https:\/\/alaks.com.tr\/tr\/wp-json\/wp\/v2\/pages\/610\/revisions\/2862"}],"wp:attachment":[{"href":"https:\/\/alaks.com.tr\/tr\/wp-json\/wp\/v2\/media?parent=610"}],"curies":[{"name":"wp","href":"https:\/\/api.w.org\/{rel}","templated":true}]}}